{"id":998,"date":"2024-10-01T20:41:23","date_gmt":"2024-10-01T20:41:23","guid":{"rendered":"https:\/\/cipri-piscine.com\/?page_id=998"},"modified":"2025-06-13T15:17:01","modified_gmt":"2025-06-13T15:17:01","slug":"teasing","status":"publish","type":"page","link":"https:\/\/cipri-piscine.com\/","title":{"rendered":"Teasing"},"content":{"rendered":"\t\t<div data-elementor-type=\"wp-page\" data-elementor-id=\"998\" class=\"elementor elementor-998\" data-elementor-post-type=\"page\">\n\t\t\t\t<div class=\"elementor-element elementor-element-920678d e-flex e-con-boxed e-con e-parent\" data-id=\"920678d\" data-element_type=\"container\" data-e-type=\"container\" data-settings=\"{&quot;background_background&quot;:&quot;classic&quot;}\">\n\t\t\t\t\t<div class=\"e-con-inner\">\n\t\t\t\t<div class=\"elementor-element elementor-element-5557428 elementor-widget elementor-widget-image\" data-id=\"5557428\" data-element_type=\"widget\" data-e-type=\"widget\" data-widget_type=\"image.default\">\n\t\t\t\t<div class=\"elementor-widget-container\">\n\t\t\t\t\t\t\t\t\t\t\t\t\t\t\t<img fetchpriority=\"high\" decoding=\"async\" width=\"900\" height=\"239\" src=\"https:\/\/cipri-piscine.com\/wp-content\/uploads\/2024\/10\/White-on-Transparent-1024x272.png\" class=\"attachment-large size-large wp-image-1005\" alt=\"\" srcset=\"https:\/\/cipri-piscine.com\/wp-content\/uploads\/2024\/10\/White-on-Transparent-1024x272.png 1024w, https:\/\/cipri-piscine.com\/wp-content\/uploads\/2024\/10\/White-on-Transparent-300x80.png 300w, https:\/\/cipri-piscine.com\/wp-content\/uploads\/2024\/10\/White-on-Transparent-150x40.png 150w, https:\/\/cipri-piscine.com\/wp-content\/uploads\/2024\/10\/White-on-Transparent-768x204.png 768w, https:\/\/cipri-piscine.com\/wp-content\/uploads\/2024\/10\/White-on-Transparent-1536x408.png 1536w, https:\/\/cipri-piscine.com\/wp-content\/uploads\/2024\/10\/White-on-Transparent.png 1920w\" sizes=\"(max-width: 900px) 100vw, 900px\" loading=\"eager\" \/>\t\t\t\t\t\t\t\t\t\t\t\t\t\t\t<\/div>\n\t\t\t\t<\/div>\n\t\t\t\t<div class=\"elementor-element elementor-element-7834250 elementor-widget elementor-widget-text-editor\" data-id=\"7834250\" data-element_type=\"widget\" data-e-type=\"widget\" data-widget_type=\"text-editor.default\">\n\t\t\t\t<div class=\"elementor-widget-container\">\n\t\t\t\t\t\t\t\t\t<p><strong>R\u00e9paration et r\u00e9novation du rev\u00eatement de votre piscine \u00e0 Avignon et ses environs<\/strong><\/p>\t\t\t\t\t\t\t\t<\/div>\n\t\t\t\t<\/div>\n\t\t\t\t<div class=\"elementor-element elementor-element-5806204 elementor-widget elementor-widget-text-editor\" data-id=\"5806204\" data-element_type=\"widget\" data-e-type=\"widget\" data-widget_type=\"text-editor.default\">\n\t\t\t\t<div class=\"elementor-widget-container\">\n\t\t\t\t\t\t\t\t\t<p>Votre piscine montre des signes de fatigue ?<br \/>Fissures, fuites ou probl\u00e8mes d\u2019osmose peuvent compromettre sa solidit\u00e9 et son \u00e9tanch\u00e9it\u00e9. Ne laissez pas la situation s\u2019aggraver ! Nous intervenons pour restaurer le rev\u00eatement de votre piscine et vous offrir la tranquillit\u00e9 d\u2019esprit, afin que vous puissiez profiter pleinement de vos moments de d\u00e9tente.<\/p>\t\t\t\t\t\t\t\t<\/div>\n\t\t\t\t<\/div>\n\t\t\t\t<div class=\"elementor-element elementor-element-7dc5d2e elementor-widget elementor-widget-heading\" data-id=\"7dc5d2e\" data-element_type=\"widget\" data-e-type=\"widget\" data-widget_type=\"heading.default\">\n\t\t\t\t<div class=\"elementor-widget-container\">\n\t\t\t\t\t<h2 class=\"elementor-heading-title elementor-size-default\">\/ Contact \/<\/h2>\t\t\t\t<\/div>\n\t\t\t\t<\/div>\n\t\t\t\t<div class=\"elementor-element elementor-element-57da8db elementor-widget elementor-widget-heading\" data-id=\"57da8db\" data-element_type=\"widget\" data-e-type=\"widget\" data-widget_type=\"heading.default\">\n\t\t\t\t<div class=\"elementor-widget-container\">\n\t\t\t\t\t<h2 class=\"elementor-heading-title elementor-size-default\">Khalil Chelloug <br>\n06 60 39 82 00<\/h2>\t\t\t\t<\/div>\n\t\t\t\t<\/div>\n\t\t\t\t<div class=\"elementor-element elementor-element-73956e7 elementor-widget-divider--view-line_text elementor-widget-divider--element-align-center elementor-widget elementor-widget-divider\" data-id=\"73956e7\" data-element_type=\"widget\" data-e-type=\"widget\" data-widget_type=\"divider.default\">\n\t\t\t\t<div class=\"elementor-widget-container\">\n\t\t\t\t\t\t\t<div class=\"elementor-divider\">\n\t\t\t<span class=\"elementor-divider-separator\">\n\t\t\t\t\t\t\t<span class=\"elementor-divider__text elementor-divider__element\">\n\t\t\t\tSite en construction\t\t\t\t<\/span>\n\t\t\t\t\t\t<\/span>\n\t\t<\/div>\n\t\t\t\t\t\t<\/div>\n\t\t\t\t<\/div>\n\t\t\t\t\t<\/div>\n\t\t\t\t<\/div>\n\t\t\t\t<\/div>\n\t\t","protected":false},"excerpt":{"rendered":"<p>R\u00e9paration et r\u00e9novation du rev\u00eatement de votre piscine \u00e0 Avignon et ses environs Votre piscine montre des signes de fatigue ?Fissures, fuites ou probl\u00e8mes d\u2019osmose peuvent compromettre sa solidit\u00e9 et son \u00e9tanch\u00e9it\u00e9. Ne laissez pas la situation s\u2019aggraver ! Nous intervenons pour restaurer le rev\u00eatement de votre piscine et vous offrir la tranquillit\u00e9 d\u2019esprit, afin &#8230; <a title=\"Teasing\" class=\"read-more\" href=\"https:\/\/cipri-piscine.com\/\" aria-label=\"En savoir plus sur Teasing\">Lire la suite<\/a><\/p>\n","protected":false},"author":5,"featured_media":0,"parent":0,"menu_order":0,"comment_status":"closed","ping_status":"closed","template":"elementor_canvas","meta":{"footnotes":""},"class_list":["post-998","page","type-page","status-publish"],"_links":{"self":[{"href":"https:\/\/cipri-piscine.com\/index.php?rest_route=\/wp\/v2\/pages\/998","targetHints":{"allow":["GET"]}}],"collection":[{"href":"https:\/\/cipri-piscine.com\/index.php?rest_route=\/wp\/v2\/pages"}],"about":[{"href":"https:\/\/cipri-piscine.com\/index.php?rest_route=\/wp\/v2\/types\/page"}],"author":[{"embeddable":true,"href":"https:\/\/cipri-piscine.com\/index.php?rest_route=\/wp\/v2\/users\/5"}],"replies":[{"embeddable":true,"href":"https:\/\/cipri-piscine.com\/index.php?rest_route=%2Fwp%2Fv2%2Fcomments&post=998"}],"version-history":[{"count":70,"href":"https:\/\/cipri-piscine.com\/index.php?rest_route=\/wp\/v2\/pages\/998\/revisions"}],"predecessor-version":[{"id":1133,"href":"https:\/\/cipri-piscine.com\/index.php?rest_route=\/wp\/v2\/pages\/998\/revisions\/1133"}],"wp:attachment":[{"href":"https:\/\/cipri-piscine.com\/index.php?rest_route=%2Fwp%2Fv2%2Fmedia&parent=998"}],"curies":[{"name":"wp","href":"https:\/\/api.w.org\/{rel}","templated":true}]}}